{"id":154,"date":"2025-05-12T15:55:09","date_gmt":"2025-05-12T15:55:09","guid":{"rendered":"https:\/\/nizacientifica.com\/niza\/?page_id=154"},"modified":"2025-06-19T22:39:15","modified_gmt":"2025-06-19T22:39:15","slug":"nizapro","status":"publish","type":"page","link":"https:\/\/nizacientifica.com\/niza\/nizapro\/","title":{"rendered":"Nizapro"},"content":{"rendered":"\t\t<div data-elementor-type=\"wp-page\" data-elementor-id=\"154\" class=\"elementor elementor-154\" data-elementor-post-type=\"page\">\n\t\t\t\t<div class=\"elementor-element elementor-element-d168c81 e-flex e-con-boxed e-con e-parent\" data-id=\"d168c81\" data-element_type=\"container\" data-e-type=\"container\">\n\t\t\t\t\t<div class=\"e-con-inner\">\n\t\t<div class=\"elementor-element elementor-element-ac4e036 e-con-full e-flex e-con e-child\" data-id=\"ac4e036\" data-element_type=\"container\" data-e-type=\"container\">\n\t\t\t\t<div class=\"elementor-element elementor-element-e72244e elementor-widget elementor-widget-image\" data-id=\"e72244e\" data-element_type=\"widget\" data-e-type=\"widget\" data-widget_type=\"image.default\">\n\t\t\t\t<div class=\"elementor-widget-container\">\n\t\t\t\t\t\t\t\t\t\t\t\t\t\t\t<img fetchpriority=\"high\" decoding=\"async\" width=\"600\" height=\"600\" src=\"https:\/\/nizacientifica.com\/niza\/wp-content\/uploads\/2025\/05\/1.png\" class=\"attachment-full size-full wp-image-156\" alt=\"\" srcset=\"https:\/\/nizacientifica.com\/niza\/wp-content\/uploads\/2025\/05\/1.png 600w, https:\/\/nizacientifica.com\/niza\/wp-content\/uploads\/2025\/05\/1-300x300.png 300w, https:\/\/nizacientifica.com\/niza\/wp-content\/uploads\/2025\/05\/1-150x150.png 150w\" sizes=\"(max-width: 600px) 100vw, 600px\" \/>\t\t\t\t\t\t\t\t\t\t\t\t\t\t\t<\/div>\n\t\t\t\t<\/div>\n\t\t\t\t<\/div>\n\t\t<div class=\"elementor-element elementor-element-0b522dc e-con-full e-flex e-con e-child\" data-id=\"0b522dc\" data-element_type=\"container\" data-e-type=\"container\">\n\t\t\t\t<div class=\"elementor-element elementor-element-75104ca elementor-widget elementor-widget-heading\" data-id=\"75104ca\" data-element_type=\"widget\" data-e-type=\"widget\" data-widget_type=\"heading.default\">\n\t\t\t\t<div class=\"elementor-widget-container\">\n\t\t\t\t\t<h2 class=\"elementor-heading-title elementor-size-default\">Distribuidores Oficiales NIZA<\/h2>\t\t\t\t<\/div>\n\t\t\t\t<\/div>\n\t\t\t\t<div class=\"elementor-element elementor-element-2a1437e elementor-widget elementor-widget-text-editor\" data-id=\"2a1437e\" data-element_type=\"widget\" data-e-type=\"widget\" data-widget_type=\"text-editor.default\">\n\t\t\t\t<div class=\"elementor-widget-container\">\n\t\t\t\t\t\t\t\t\t<p class=\"p1\">Busc\u00e1 tu distribuidor m\u00e1s cercano y empez\u00e1 a disfrutar de tratamientos efectivos con productos de calidad profesional.<\/p>\t\t\t\t\t\t\t\t<\/div>\n\t\t\t\t<\/div>\n\t\t\t\t<div class=\"elementor-element elementor-element-65c733b elementor-widget elementor-widget-button\" data-id=\"65c733b\" data-element_type=\"widget\" data-e-type=\"widget\" data-widget_type=\"button.default\">\n\t\t\t\t<div class=\"elementor-widget-container\">\n\t\t\t\t\t\t\t\t\t<div class=\"elementor-button-wrapper\">\n\t\t\t\t\t<a class=\"elementor-button elementor-button-link elementor-size-sm elementor-animation-push\" href=\"https:\/\/nizacientifica.com\/niza\/distri\/\">\n\t\t\t\t\t\t<span class=\"elementor-button-content-wrapper\">\n\t\t\t\t\t\t\t\t\t<span class=\"elementor-button-text\">Ver Distribuidores<\/span>\n\t\t\t\t\t<\/span>\n\t\t\t\t\t<\/a>\n\t\t\t\t<\/div>\n\t\t\t\t\t\t\t\t<\/div>\n\t\t\t\t<\/div>\n\t\t\t\t<div class=\"elementor-element elementor-element-de586e5 elementor-widget elementor-widget-text-editor\" data-id=\"de586e5\" data-element_type=\"widget\" data-e-type=\"widget\" data-widget_type=\"text-editor.default\">\n\t\t\t\t<div class=\"elementor-widget-container\">\n\t\t\t\t\t\t\t\t\t<p class=\"p1\">Queres ser <strong>Distribuidor NIZA<\/strong> ? &#8211; <a href=\"https:\/\/nizacientifica.com\/niza\/registro-distribuidores\/\"><span style=\"text-decoration: underline;\">Registr\u00e1te &gt;&gt;<\/span><\/a><\/p>\t\t\t\t\t\t\t\t<\/div>\n\t\t\t\t<\/div>\n\t\t\t\t<\/div>\n\t\t\t\t\t<\/div>\n\t\t\t\t<\/div>\n\t\t<div class=\"elementor-element elementor-element-39a8506 e-flex e-con-boxed e-con e-parent\" data-id=\"39a8506\" data-element_type=\"container\" data-e-type=\"container\">\n\t\t\t\t\t<div class=\"e-con-inner\">\n\t\t<div class=\"elementor-element elementor-element-2fe34c1 e-con-full e-flex e-con e-child\" data-id=\"2fe34c1\" data-element_type=\"container\" data-e-type=\"container\">\n\t\t\t\t<div class=\"elementor-element elementor-element-5f3ccf5 elementor-widget elementor-widget-heading\" data-id=\"5f3ccf5\" data-element_type=\"widget\" data-e-type=\"widget\" data-widget_type=\"heading.default\">\n\t\t\t\t<div class=\"elementor-widget-container\">\n\t\t\t\t\t<h2 class=\"elementor-heading-title elementor-size-default\">Conoc\u00e9 a los Profesionales NIZA\n<\/h2>\t\t\t\t<\/div>\n\t\t\t\t<\/div>\n\t\t\t\t<div class=\"elementor-element elementor-element-51c461d elementor-widget elementor-widget-text-editor\" data-id=\"51c461d\" data-element_type=\"widget\" data-e-type=\"widget\" data-widget_type=\"text-editor.default\">\n\t\t\t\t<div class=\"elementor-widget-container\">\n\t\t\t\t\t\t\t\t\t<p class=\"p1\">Si quer\u00e9s vivir una experiencia completa con nuestros productos, te invitamos a consultar el listado de profesionales que trabajan con NIZA Cient\u00edfica. Ellos pueden asesorarte, acompa\u00f1ar tus tratamientos y garantizar el mejor uso de cada f\u00f3rmula.<\/p>\t\t\t\t\t\t\t\t<\/div>\n\t\t\t\t<\/div>\n\t\t\t\t<div class=\"elementor-element elementor-element-e77b54d elementor-widget elementor-widget-text-editor\" data-id=\"e77b54d\" data-element_type=\"widget\" data-e-type=\"widget\" data-widget_type=\"text-editor.default\">\n\t\t\t\t<div class=\"elementor-widget-container\">\n\t\t\t\t\t\t\t\t\t<p class=\"p1\">Si sos un <strong>Profesional<\/strong> y queres sumarte al <b>Directorio de profesionales NIZA <\/b>&#8211; <a href=\"https:\/\/nizacientifica.com\/niza\/registro-de-profesionales\/\"><span style=\"text-decoration: underline;\">Registr\u00e1te &gt;&gt;<\/span><\/a><\/p>\t\t\t\t\t\t\t\t<\/div>\n\t\t\t\t<\/div>\n\t\t\t\t<div class=\"elementor-element elementor-element-d714e6a elementor-widget elementor-widget-button\" data-id=\"d714e6a\" data-element_type=\"widget\" data-e-type=\"widget\" data-widget_type=\"button.default\">\n\t\t\t\t<div class=\"elementor-widget-container\">\n\t\t\t\t\t\t\t\t\t<div class=\"elementor-button-wrapper\">\n\t\t\t\t\t<a class=\"elementor-button elementor-button-link elementor-size-sm elementor-animation-push\" href=\"https:\/\/nizacientifica.com\/niza\/listado-profesionales\/\">\n\t\t\t\t\t\t<span class=\"elementor-button-content-wrapper\">\n\t\t\t\t\t\t\t\t\t<span class=\"elementor-button-text\">Ver Profesionales<\/span>\n\t\t\t\t\t<\/span>\n\t\t\t\t\t<\/a>\n\t\t\t\t<\/div>\n\t\t\t\t\t\t\t\t<\/div>\n\t\t\t\t<\/div>\n\t\t\t\t<\/div>\n\t\t<div class=\"elementor-element elementor-element-d6143f8 e-con-full e-flex e-con e-child\" data-id=\"d6143f8\" data-element_type=\"container\" data-e-type=\"container\">\n\t\t\t\t<div class=\"elementor-element elementor-element-e099641 elementor-widget elementor-widget-image\" data-id=\"e099641\" data-element_type=\"widget\" data-e-type=\"widget\" data-widget_type=\"image.default\">\n\t\t\t\t<div class=\"elementor-widget-container\">\n\t\t\t\t\t\t\t\t\t\t\t\t\t\t\t<img decoding=\"async\" width=\"1200\" height=\"798\" src=\"https:\/\/nizacientifica.com\/niza\/wp-content\/uploads\/2025\/06\/nizapro.jpg\" class=\"attachment-full size-full wp-image-7908\" alt=\"\" srcset=\"https:\/\/nizacientifica.com\/niza\/wp-content\/uploads\/2025\/06\/nizapro.jpg 1200w, https:\/\/nizacientifica.com\/niza\/wp-content\/uploads\/2025\/06\/nizapro-300x200.jpg 300w, https:\/\/nizacientifica.com\/niza\/wp-content\/uploads\/2025\/06\/nizapro-1024x681.jpg 1024w, https:\/\/nizacientifica.com\/niza\/wp-content\/uploads\/2025\/06\/nizapro-768x511.jpg 768w\" sizes=\"(max-width: 1200px) 100vw, 1200px\" \/>\t\t\t\t\t\t\t\t\t\t\t\t\t\t\t<\/div>\n\t\t\t\t<\/div>\n\t\t\t\t<\/div>\n\t\t\t\t\t<\/div>\n\t\t\t\t<\/div>\n\t\t\t\t<\/div>\n\t\t","protected":false},"excerpt":{"rendered":"<p>Distribuidores Oficiales NIZA Busc\u00e1 tu distribuidor m\u00e1s cercano y empez\u00e1 a disfrutar de tratamientos efectivos con productos de calidad profesional. Ver Distribuidores Queres ser Distribuidor NIZA ? &#8211; Registr\u00e1te &gt;&gt; Conoc\u00e9 a los Profesionales NIZA Si quer\u00e9s vivir una experiencia completa con nuestros productos, te invitamos a consultar el listado de profesionales que trabajan con [&hellip;]<\/p>\n","protected":false},"author":1,"featured_media":0,"parent":0,"menu_order":0,"comment_status":"closed","ping_status":"closed","template":"","meta":{"footnotes":""},"class_list":["post-154","page","type-page","status-publish","hentry"],"_links":{"self":[{"href":"https:\/\/nizacientifica.com\/niza\/wp-json\/wp\/v2\/pages\/154","targetHints":{"allow":["GET"]}}],"collection":[{"href":"https:\/\/nizacientifica.com\/niza\/wp-json\/wp\/v2\/pages"}],"about":[{"href":"https:\/\/nizacientifica.com\/niza\/wp-json\/wp\/v2\/types\/page"}],"author":[{"embeddable":true,"href":"https:\/\/nizacientifica.com\/niza\/wp-json\/wp\/v2\/users\/1"}],"replies":[{"embeddable":true,"href":"https:\/\/nizacientifica.com\/niza\/wp-json\/wp\/v2\/comments?post=154"}],"version-history":[{"count":44,"href":"https:\/\/nizacientifica.com\/niza\/wp-json\/wp\/v2\/pages\/154\/revisions"}],"predecessor-version":[{"id":9749,"href":"https:\/\/nizacientifica.com\/niza\/wp-json\/wp\/v2\/pages\/154\/revisions\/9749"}],"wp:attachment":[{"href":"https:\/\/nizacientifica.com\/niza\/wp-json\/wp\/v2\/media?parent=154"}],"curies":[{"name":"wp","href":"https:\/\/api.w.org\/{rel}","templated":true}]}}