{"id":7783,"date":"2025-06-10T22:43:43","date_gmt":"2025-06-10T22:43:43","guid":{"rendered":"https:\/\/nizacientifica.com\/niza\/?page_id=7783"},"modified":"2025-09-01T14:43:29","modified_gmt":"2025-09-01T14:43:29","slug":"capacitaciones","status":"publish","type":"page","link":"https:\/\/nizacientifica.com\/niza\/capacitaciones\/","title":{"rendered":"Capacitaciones"},"content":{"rendered":"\t\t<div data-elementor-type=\"wp-page\" data-elementor-id=\"7783\" class=\"elementor elementor-7783\" data-elementor-post-type=\"page\">\n\t\t\t\t<div class=\"elementor-element elementor-element-9a3d3ec e-flex e-con-boxed e-con e-parent\" data-id=\"9a3d3ec\" data-element_type=\"container\" data-e-type=\"container\">\n\t\t\t\t\t<div class=\"e-con-inner\">\n\t\t\t\t<div class=\"elementor-element elementor-element-a1b54b5 elementor-widget elementor-widget-heading\" data-id=\"a1b54b5\" data-element_type=\"widget\" data-e-type=\"widget\" data-widget_type=\"heading.default\">\n\t\t\t\t<div class=\"elementor-widget-container\">\n\t\t\t\t\t<h2 class=\"elementor-heading-title elementor-size-default\">BIENVENIDA AL UNIVERSO DE DIVULGACI\u00d3N Y FORMACI\u00d3N PROFESIONAL DE NIZA CIENTIFICA.\nONLINE, ABIERTO Y GRATUITO. \n<\/h2>\t\t\t\t<\/div>\n\t\t\t\t<\/div>\n\t\t\t\t<div class=\"elementor-element elementor-element-5f34c4f elementor-widget elementor-widget-text-editor\" data-id=\"5f34c4f\" data-element_type=\"widget\" data-e-type=\"widget\" data-widget_type=\"text-editor.default\">\n\t\t\t\t<div class=\"elementor-widget-container\">\n\t\t\t\t\t\t\t\t\t<p>En \u00e9ste espacio compartiremos todo el conocimiento y la innovaci\u00f3n en materia de cuidado y salud de la piel. <br>Este hub de profesionales de la piel, est\u00e1 a disposici\u00f3n para formarte en nuevos tratamientos, protocolos y tendencias.<br>Ya se formaron m\u00e1s de 100 mil profesionales de todo el continente.<br><strong>FORMATE CON NIZA HUB Y POTENCI\u00c1&nbsp;TU&nbsp;GABINETE<\/strong><\/p>\t\t\t\t\t\t\t\t<\/div>\n\t\t\t\t<\/div>\n\t\t\t\t\t<\/div>\n\t\t\t\t<\/div>\n\t\t<div class=\"elementor-element elementor-element-e4e0510 e-flex e-con-boxed e-con e-parent\" data-id=\"e4e0510\" data-element_type=\"container\" data-e-type=\"container\">\n\t\t\t\t\t<div class=\"e-con-inner\">\n\t\t<div class=\"elementor-element elementor-element-d779a43 e-con-full e-flex e-con e-child\" data-id=\"d779a43\" data-element_type=\"container\" data-e-type=\"container\">\n\t\t\t\t<\/div>\n\t\t\t\t\t<\/div>\n\t\t\t\t<\/div>\n\t\t\t\t<\/div>\n\t\t","protected":false},"excerpt":{"rendered":"<p>BIENVENIDA AL UNIVERSO DE DIVULGACI\u00d3N Y FORMACI\u00d3N PROFESIONAL DE NIZA CIENTIFICA. ONLINE, ABIERTO Y GRATUITO. En \u00e9ste espacio compartiremos todo el conocimiento y la innovaci\u00f3n en materia de cuidado y salud de la piel. Este hub de profesionales de la piel, est\u00e1 a disposici\u00f3n para formarte en nuevos tratamientos, protocolos y tendencias.Ya se formaron m\u00e1s [&hellip;]<\/p>\n","protected":false},"author":1,"featured_media":0,"parent":0,"menu_order":0,"comment_status":"closed","ping_status":"closed","template":"","meta":{"footnotes":""},"class_list":["post-7783","page","type-page","status-publish","hentry"],"_links":{"self":[{"href":"https:\/\/nizacientifica.com\/niza\/wp-json\/wp\/v2\/pages\/7783","targetHints":{"allow":["GET"]}}],"collection":[{"href":"https:\/\/nizacientifica.com\/niza\/wp-json\/wp\/v2\/pages"}],"about":[{"href":"https:\/\/nizacientifica.com\/niza\/wp-json\/wp\/v2\/types\/page"}],"author":[{"embeddable":true,"href":"https:\/\/nizacientifica.com\/niza\/wp-json\/wp\/v2\/users\/1"}],"replies":[{"embeddable":true,"href":"https:\/\/nizacientifica.com\/niza\/wp-json\/wp\/v2\/comments?post=7783"}],"version-history":[{"count":39,"href":"https:\/\/nizacientifica.com\/niza\/wp-json\/wp\/v2\/pages\/7783\/revisions"}],"predecessor-version":[{"id":11050,"href":"https:\/\/nizacientifica.com\/niza\/wp-json\/wp\/v2\/pages\/7783\/revisions\/11050"}],"wp:attachment":[{"href":"https:\/\/nizacientifica.com\/niza\/wp-json\/wp\/v2\/media?parent=7783"}],"curies":[{"name":"wp","href":"https:\/\/api.w.org\/{rel}","templated":true}]}}