{"id":7957,"date":"2025-06-11T21:19:55","date_gmt":"2025-06-11T21:19:55","guid":{"rendered":"https:\/\/nizacientifica.com\/niza\/?page_id=7957"},"modified":"2025-07-31T18:18:29","modified_gmt":"2025-07-31T18:18:29","slug":"about","status":"publish","type":"page","link":"https:\/\/nizacientifica.com\/niza\/about\/","title":{"rendered":"Nosotros"},"content":{"rendered":"\t\t<div data-elementor-type=\"wp-page\" data-elementor-id=\"7957\" class=\"elementor elementor-7957\" data-elementor-post-type=\"page\">\n\t\t\t\t<div class=\"elementor-element elementor-element-642c4316 e-flex e-con-boxed e-con e-parent\" data-id=\"642c4316\" data-element_type=\"container\" data-e-type=\"container\">\n\t\t\t\t\t<div class=\"e-con-inner\">\n\t\t<div class=\"elementor-element elementor-element-7ab30ddd e-con-full e-flex e-con e-child\" data-id=\"7ab30ddd\" data-element_type=\"container\" data-e-type=\"container\">\n\t\t\t\t<div class=\"elementor-element elementor-element-136fdd40 elementor-widget elementor-widget-heading\" data-id=\"136fdd40\" data-element_type=\"widget\" data-e-type=\"widget\" data-widget_type=\"heading.default\">\n\t\t\t\t<div class=\"elementor-widget-container\">\n\t\t\t\t\t<h2 class=\"elementor-heading-title elementor-size-default\">UNA NUEVA FORMA DE BELLEZA\n\n<\/h2>\t\t\t\t<\/div>\n\t\t\t\t<\/div>\n\t\t\t\t<div class=\"elementor-element elementor-element-5f95d6a elementor-widget elementor-widget-heading\" data-id=\"5f95d6a\" data-element_type=\"widget\" data-e-type=\"widget\" data-widget_type=\"heading.default\">\n\t\t\t\t<div class=\"elementor-widget-container\">\n\t\t\t\t\t<h2 class=\"elementor-heading-title elementor-size-default\">En Niza Cient\u00edfica redefinimos la belleza profesional desde la ciencia, la conciencia y el respeto.<\/h2>\t\t\t\t<\/div>\n\t\t\t\t<\/div>\n\t\t\t\t<div class=\"elementor-element elementor-element-6aa63db0 elementor-widget elementor-widget-text-editor\" data-id=\"6aa63db0\" data-element_type=\"widget\" data-e-type=\"widget\" data-widget_type=\"text-editor.default\">\n\t\t\t\t<div class=\"elementor-widget-container\">\n\t\t\t\t\t\t\t\t\t<p style=\"font-weight: 400;\">Somos una marca de cosm\u00e9tica profesional no tox, desarrollada originalmente para gabinetes y pensada tambi\u00e9n para acompa\u00f1ar el cuidado de la piel en casa, con la misma calidad, seguridad y eficacia que exigen los tratamientos profesionales.<\/p><p style=\"font-weight: 400;\">Formulamos nuestros productos sin fragancias artificiales, parabenos ni ftalatos, y no testeamos en animales. Creemos que la piel merece ser tratada con ingredientes seguros, nobles y biocompatibles, que respeten su equilibrio y potencien sus procesos naturales.<\/p>\t\t\t\t\t\t\t\t<\/div>\n\t\t\t\t<\/div>\n\t\t\t\t<\/div>\n\t\t<div class=\"elementor-element elementor-element-792ce1f2 e-con-full e-flex e-con e-child\" data-id=\"792ce1f2\" data-element_type=\"container\" data-e-type=\"container\">\n\t\t\t\t<div class=\"elementor-element elementor-element-1e9ba9c8 elementor-widget elementor-widget-image\" data-id=\"1e9ba9c8\" data-element_type=\"widget\" data-e-type=\"widget\" data-widget_type=\"image.default\">\n\t\t\t\t<div class=\"elementor-widget-container\">\n\t\t\t\t\t\t\t\t\t\t\t\t\t\t\t<img fetchpriority=\"high\" decoding=\"async\" width=\"1200\" height=\"1080\" src=\"https:\/\/nizacientifica.com\/niza\/wp-content\/uploads\/2025\/07\/nosotros_2.jpg\" class=\"attachment-full size-full wp-image-9919\" alt=\"\" srcset=\"https:\/\/nizacientifica.com\/niza\/wp-content\/uploads\/2025\/07\/nosotros_2.jpg 1200w, https:\/\/nizacientifica.com\/niza\/wp-content\/uploads\/2025\/07\/nosotros_2-300x270.jpg 300w, https:\/\/nizacientifica.com\/niza\/wp-content\/uploads\/2025\/07\/nosotros_2-1024x922.jpg 1024w, https:\/\/nizacientifica.com\/niza\/wp-content\/uploads\/2025\/07\/nosotros_2-768x691.jpg 768w\" sizes=\"(max-width: 1200px) 100vw, 1200px\" \/>\t\t\t\t\t\t\t\t\t\t\t\t\t\t\t<\/div>\n\t\t\t\t<\/div>\n\t\t\t\t<\/div>\n\t\t\t\t\t<\/div>\n\t\t\t\t<\/div>\n\t\t<div class=\"elementor-element elementor-element-332799ee e-flex e-con-boxed e-con e-parent\" data-id=\"332799ee\" data-element_type=\"container\" data-e-type=\"container\">\n\t\t\t\t\t<div class=\"e-con-inner\">\n\t\t<div class=\"elementor-element elementor-element-7188cc66 e-con-full e-flex e-con e-child\" data-id=\"7188cc66\" data-element_type=\"container\" data-e-type=\"container\">\n\t\t\t\t<div class=\"elementor-element elementor-element-3ff0026 elementor-widget elementor-widget-image\" data-id=\"3ff0026\" data-element_type=\"widget\" data-e-type=\"widget\" data-widget_type=\"image.default\">\n\t\t\t\t<div class=\"elementor-widget-container\">\n\t\t\t\t\t\t\t\t\t\t\t\t\t\t\t<img decoding=\"async\" width=\"1200\" height=\"1080\" src=\"https:\/\/nizacientifica.com\/niza\/wp-content\/uploads\/2025\/07\/nosotros_1.jpg\" class=\"attachment-full size-full wp-image-9920\" alt=\"\" srcset=\"https:\/\/nizacientifica.com\/niza\/wp-content\/uploads\/2025\/07\/nosotros_1.jpg 1200w, https:\/\/nizacientifica.com\/niza\/wp-content\/uploads\/2025\/07\/nosotros_1-300x270.jpg 300w, https:\/\/nizacientifica.com\/niza\/wp-content\/uploads\/2025\/07\/nosotros_1-1024x922.jpg 1024w, https:\/\/nizacientifica.com\/niza\/wp-content\/uploads\/2025\/07\/nosotros_1-768x691.jpg 768w\" sizes=\"(max-width: 1200px) 100vw, 1200px\" \/>\t\t\t\t\t\t\t\t\t\t\t\t\t\t\t<\/div>\n\t\t\t\t<\/div>\n\t\t\t\t<\/div>\n\t\t<div class=\"elementor-element elementor-element-13f31859 e-con-full e-flex e-con e-child\" data-id=\"13f31859\" data-element_type=\"container\" data-e-type=\"container\">\n\t\t\t\t<div class=\"elementor-element elementor-element-535f596 elementor-widget elementor-widget-heading\" data-id=\"535f596\" data-element_type=\"widget\" data-e-type=\"widget\" data-widget_type=\"heading.default\">\n\t\t\t\t<div class=\"elementor-widget-container\">\n\t\t\t\t\t<h2 class=\"elementor-heading-title elementor-size-default\">Esta es nuestra propuesta: una nueva forma de belleza.<\/h2>\t\t\t\t<\/div>\n\t\t\t\t<\/div>\n\t\t\t\t<div class=\"elementor-element elementor-element-8416666 elementor-widget elementor-widget-text-editor\" data-id=\"8416666\" data-element_type=\"widget\" data-e-type=\"widget\" data-widget_type=\"text-editor.default\">\n\t\t\t\t<div class=\"elementor-widget-container\">\n\t\t\t\t\t\t\t\t\t<p style=\"font-weight: 400;\">Una belleza real, saludable y duradera, que no busca encajar en moldes, sino revelar lo mejor de cada piel. Trabajamos con activos inteligentes y tecnolog\u00eda dermocosm\u00e9tica de \u00faltima generaci\u00f3n, para lograr resultados visibles y sostenibles sin agredir ni ocultar.<\/p>\t\t\t\t\t\t\t\t<\/div>\n\t\t\t\t<\/div>\n\t\t\t\t<div class=\"elementor-element elementor-element-cea3c9f elementor-widget elementor-widget-heading\" data-id=\"cea3c9f\" data-element_type=\"widget\" data-e-type=\"widget\" data-widget_type=\"heading.default\">\n\t\t\t\t<div class=\"elementor-widget-container\">\n\t\t\t\t\t<h2 class=\"elementor-heading-title elementor-size-default\">Niza Cient\u00edfica es profesionalismo trasladado al hogar.<\/h2>\t\t\t\t<\/div>\n\t\t\t\t<\/div>\n\t\t\t\t<div class=\"elementor-element elementor-element-3f12c68 elementor-widget elementor-widget-text-editor\" data-id=\"3f12c68\" data-element_type=\"widget\" data-e-type=\"widget\" data-widget_type=\"text-editor.default\">\n\t\t\t\t<div class=\"elementor-widget-container\">\n\t\t\t\t\t\t\t\t\t<p style=\"font-weight: 400;\">Es el puente entre la experiencia del gabinete y la rutina diaria. Cada f\u00f3rmula fue dise\u00f1ada para el uso de profesionales de la piel, pero tambi\u00e9n para convertirse en el mejor aliado del autocuidado consciente.<\/p><p style=\"font-weight: 400;\">Porque la belleza empieza por c\u00f3mo cuidamos lo que somos.<\/p><p style=\"font-weight: 400;\">Y eso tambi\u00e9n\u00a0es\u00a0ciencia.<\/p>\t\t\t\t\t\t\t\t<\/div>\n\t\t\t\t<\/div>\n\t\t\t\t<\/div>\n\t\t\t\t\t<\/div>\n\t\t\t\t<\/div>\n\t\t\t\t<\/div>\n\t\t","protected":false},"excerpt":{"rendered":"<p>UNA NUEVA FORMA DE BELLEZA En Niza Cient\u00edfica redefinimos la belleza profesional desde la ciencia, la conciencia y el respeto. Somos una marca de cosm\u00e9tica profesional no tox, desarrollada originalmente para gabinetes y pensada tambi\u00e9n para acompa\u00f1ar el cuidado de la piel en casa, con la misma calidad, seguridad y eficacia que exigen los tratamientos [&hellip;]<\/p>\n","protected":false},"author":1,"featured_media":0,"parent":0,"menu_order":0,"comment_status":"closed","ping_status":"closed","template":"","meta":{"footnotes":""},"class_list":["post-7957","page","type-page","status-publish","hentry"],"_links":{"self":[{"href":"https:\/\/nizacientifica.com\/niza\/wp-json\/wp\/v2\/pages\/7957","targetHints":{"allow":["GET"]}}],"collection":[{"href":"https:\/\/nizacientifica.com\/niza\/wp-json\/wp\/v2\/pages"}],"about":[{"href":"https:\/\/nizacientifica.com\/niza\/wp-json\/wp\/v2\/types\/page"}],"author":[{"embeddable":true,"href":"https:\/\/nizacientifica.com\/niza\/wp-json\/wp\/v2\/users\/1"}],"replies":[{"embeddable":true,"href":"https:\/\/nizacientifica.com\/niza\/wp-json\/wp\/v2\/comments?post=7957"}],"version-history":[{"count":25,"href":"https:\/\/nizacientifica.com\/niza\/wp-json\/wp\/v2\/pages\/7957\/revisions"}],"predecessor-version":[{"id":10945,"href":"https:\/\/nizacientifica.com\/niza\/wp-json\/wp\/v2\/pages\/7957\/revisions\/10945"}],"wp:attachment":[{"href":"https:\/\/nizacientifica.com\/niza\/wp-json\/wp\/v2\/media?parent=7957"}],"curies":[{"name":"wp","href":"https:\/\/api.w.org\/{rel}","templated":true}]}}